{"id":535,"date":"2021-06-23T18:58:42","date_gmt":"2021-06-23T16:58:42","guid":{"rendered":"http:\/\/www.birrasalentoshop.it\/?page_id=535"},"modified":"2021-07-09T18:50:12","modified_gmt":"2021-07-09T16:50:12","slug":"la-nostra-storia","status":"publish","type":"page","link":"https:\/\/www.birrasalentoshop.it\/it\/la-nostra-storia\/","title":{"rendered":"la nostra storia"},"content":{"rendered":"<p>[vc_row][vc_column][vc_empty_space][\/vc_column][\/vc_row][vc_row][vc_column][vc_column_text el_class=&#8221;text-center m-t-3 title_principal&#8221;]<\/p>\n<h1>Passione ed esperienza dal 1963<\/h1>\n<p>[\/vc_column_text][\/vc_column][\/vc_row][vc_row][vc_column][vc_raw_html]JTNDZGl2JTIwY2xhc3MlM0QlMjJudW1iZXIlMjIlM0UlM0NzcGFuJTIwY2xhc3MlM0QlMjJkYXRhJTIyJTNFMTk2MyUzQyUyRnNwYW4lM0UlM0MlMkZkaXYlM0U=[\/vc_raw_html][vc_row_inner equal_height=&#8221;yes&#8221; content_placement=&#8221;middle&#8221;][vc_column_inner width=&#8221;1\/2&#8243;][vc_column_text]Era il 1963 quando <strong>Fernando Zecca<\/strong>, padre di Maurizio oggi alla guida della crew Birrasalento, scriveva da Fribourg, in Svizzera, ai familiari e agli amici lasciati nel Salento. Lavorava in un birrificio, sognava di tornare da moglie e figli, a Leverano.<\/p>\n<p><i>&#8220;Io lavoro nella fabbrica della birra insieme a mio fratello Romano poi ci sono altri paesani e donne di Leverano che lavorano. Il nostro lavoro \u00e8 di caricare e scaricare casse di birra piene e vuote.&#8221;<\/i>[\/vc_column_text][\/vc_column_inner][vc_column_inner width=&#8221;1\/2&#8243;][vc_single_image image=&#8221;548&#8243; img_size=&#8221;full&#8221;][\/vc_column_inner][\/vc_row_inner][\/vc_column][\/vc_row][vc_row][vc_column][vc_raw_html]JTNDZGl2JTIwY2xhc3MlM0QlMjJudW1iZXJfcmlnaHQlMjIlM0UlM0NzcGFuJTIwY2xhc3MlM0QlMjJkYXRhJTIyJTNFMTk4MyUzQyUyRnNwYW4lM0UlM0MlMkZkaXYlM0U=[\/vc_raw_html][vc_row_inner equal_height=&#8221;yes&#8221; content_placement=&#8221;middle&#8221;][vc_column_inner width=&#8221;1\/2&#8243;][vc_single_image image=&#8221;552&#8243; img_size=&#8221;full&#8221;][\/vc_column_inner][vc_column_inner width=&#8221;1\/2&#8243;][vc_column_text]A 20 anni da quella lettera Fernando non c\u2019era pi\u00f9. Maurizio Zecca era un adolescente con una famiglia sulle spalle, di suo padre aveva ereditato forza e schiena dritta.<\/p>\n<p>Maurizio \u00e8 nocchiero di una squadra composta da tanti collaboratori. La piccola ditta nata tra soppalchi e scantinati risponde al nome di Mebimport. Una realt\u00e0 leader nella distribuzione di Birra nel Sud Italia.[\/vc_column_text][\/vc_column_inner][\/vc_row_inner][\/vc_column][\/vc_row][vc_row][vc_column][vc_raw_html]JTNDZGl2JTIwY2xhc3MlM0QlMjJudW1iZXIlMjIlM0UlM0NzcGFuJTIwY2xhc3MlM0QlMjJkYXRhJTIyJTNFMjAwOCUzQyUyRnNwYW4lM0UlM0MlMkZkaXYlM0U=[\/vc_raw_html][vc_row_inner equal_height=&#8221;yes&#8221; content_placement=&#8221;middle&#8221;][vc_column_inner width=&#8221;1\/2&#8243;][vc_column_text]Da questa passione la nostra Famiglia ha imbastito le trame di una nuova avventura: un birrificio artigianale nel cuore del Salento.<\/p>\n<p>Nel <strong>2008 nasce Birra Salento<\/strong>. Nome semplice: un marchio che racconti il territorio. L\u00e0 dove nasce il Negramaro e la vite \u00e8 regina si far\u00e0 la birra artigianale. Dalla produzione con impronta salentina ma oltre i confini regionali delle primogenite Pizzica, Beggia e Taranta si torna a casa.[\/vc_column_text][\/vc_column_inner][vc_column_inner width=&#8221;1\/2&#8243;][vc_single_image image=&#8221;557&#8243; img_size=&#8221;full&#8221;][\/vc_column_inner][\/vc_row_inner][\/vc_column][\/vc_row][vc_row][vc_column][vc_raw_html]JTNDZGl2JTIwY2xhc3MlM0QlMjJudW1iZXJfcmlnaHQlMjIlM0UlM0NzcGFuJTIwY2xhc3MlM0QlMjJkYXRhJTIyJTNFMjAxMyUzQyUyRnNwYW4lM0UlM0MlMkZkaXYlM0U=[\/vc_raw_html][vc_row_inner equal_height=&#8221;yes&#8221; content_placement=&#8221;middle&#8221;][vc_column_inner width=&#8221;1\/2&#8243;][vc_single_image image=&#8221;560&#8243; img_size=&#8221;full&#8221;][\/vc_column_inner][vc_column_inner width=&#8221;1\/2&#8243;][vc_column_text]Inizia la sperimentazione con i ricercatori del DisTeBa dell\u2019Universit\u00e0 del Salento.<\/p>\n<p>Lo studio mirato in laboratorio e nei campi ha portato all\u2019individuazione di due cultivar locali. Sono stati necessari pi\u00f9 di tre anni di lavoro e a Giugno 2016 si festeggia la prima mietitura. Spettacolo di rara meraviglia si consuma a pochi metri dai locali in cui sta nascendo il birrificio Birra Salento.[\/vc_column_text][\/vc_column_inner][\/vc_row_inner][\/vc_column][\/vc_row][vc_row][vc_column][vc_raw_html]JTNDZGl2JTIwY2xhc3MlM0QlMjJudW1iZXIlMjIlM0UlM0NzcGFuJTIwY2xhc3MlM0QlMjJkYXRhJTIyJTNFT0dHSSUzQyUyRnNwYW4lM0UlM0MlMkZkaXYlM0U=[\/vc_raw_html][vc_row_inner equal_height=&#8221;yes&#8221; content_placement=&#8221;middle&#8221;][vc_column_inner width=&#8221;1\/2&#8243;][vc_column_text]Tecniche avanzate. Tre linee di produzione con dodici creature differenti. Prodotti di alta qualit\u00e0 selezionati con cura da birrai e ricercatori, una squadra composta da numerosi collaboratori, ma soprattutto una famiglia solida e unita, fedele alla sua memoria, con un instancabile timoniere alla guida, sono il passe-partourt per accedere ad un sogno diventato realt\u00e0.[\/vc_column_text][\/vc_column_inner][vc_column_inner width=&#8221;1\/2&#8243;][vc_single_image image=&#8221;562&#8243; img_size=&#8221;full&#8221;][\/vc_column_inner][\/vc_row_inner][\/vc_column][\/vc_row][vc_row][vc_column][vc_empty_space height=&#8221;80px&#8221;][\/vc_column][\/vc_row]<\/p>\n","protected":false},"excerpt":{"rendered":"<p>[vc_row][vc_column][vc_empty_space][\/vc_column][\/vc_row][vc_row][vc_column][vc_column_text el_class=&#8221;text-center m-t-3 title_principal&#8221;] Passione ed esperienza dal 1963 [\/vc_column_text][\/vc_column][\/vc_row][vc_row][vc_column][vc_raw_html]JTNDZGl2JTIwY2xhc3MlM0QlMjJudW1iZXIlMjIlM0UlM0NzcGFuJTIwY2xhc3MlM0QlMjJkYXRhJTIyJTNFMTk2MyUzQyUyRnNwYW4lM0UlM0MlMkZkaXYlM0U=[\/vc_raw_html][vc_row_inner equal_height=&#8221;yes&#8221; content_placement=&#8221;middle&#8221;][vc_column_inner width=&#8221;1\/2&#8243;][vc_column_text]Era il 1963 quando Fernando Zecca, padre di Maurizio oggi alla guida della crew Birrasalento, scriveva da Fribourg, in Svizzera, ai familiari e agli amici lasciati nel Salento. Lavorava in un birrificio, sognava di tornare da moglie e figli, a Leverano. &#8220;Io lavoro [&hellip;]<\/p>\n","protected":false},"author":5,"featured_media":0,"parent":0,"menu_order":0,"comment_status":"closed","ping_status":"closed","template":"fullwidth.php","meta":{"inline_featured_image":false,"footnotes":""},"class_list":["post-535","page","type-page","status-publish","hentry"],"yoast_head":"<!-- This site is optimized with the Yoast SEO plugin v23.7 - https:\/\/yoast.com\/wordpress\/plugins\/seo\/ -->\n<title>la nostra storia - Birra Salento Shop<\/title>\n<meta name=\"robots\" content=\"index, follow, max-snippet:-1, max-image-preview:large, max-video-preview:-1\" \/>\n<link rel=\"canonical\" href=\"https:\/\/www.birrasalentoshop.it\/it\/la-nostra-storia\/\" \/>\n<meta property=\"og:locale\" content=\"it_IT\" \/>\n<meta property=\"og:type\" content=\"article\" \/>\n<meta property=\"og:title\" content=\"la nostra storia - Birra Salento Shop\" \/>\n<meta property=\"og:description\" content=\"[vc_row][vc_column][vc_empty_space][\/vc_column][\/vc_row][vc_row][vc_column][vc_column_text el_class=&#8221;text-center m-t-3 title_principal&#8221;] Passione ed esperienza dal 1963 [\/vc_column_text][\/vc_column][\/vc_row][vc_row][vc_column][vc_raw_html]JTNDZGl2JTIwY2xhc3MlM0QlMjJudW1iZXIlMjIlM0UlM0NzcGFuJTIwY2xhc3MlM0QlMjJkYXRhJTIyJTNFMTk2MyUzQyUyRnNwYW4lM0UlM0MlMkZkaXYlM0U=[\/vc_raw_html][vc_row_inner equal_height=&#8221;yes&#8221; content_placement=&#8221;middle&#8221;][vc_column_inner width=&#8221;1\/2&#8243;][vc_column_text]Era il 1963 quando Fernando Zecca, padre di Maurizio oggi alla guida della crew Birrasalento, scriveva da Fribourg, in Svizzera, ai familiari e agli amici lasciati nel Salento. Lavorava in un birrificio, sognava di tornare da moglie e figli, a Leverano. &#8220;Io lavoro [&hellip;]\" \/>\n<meta property=\"og:url\" content=\"https:\/\/www.birrasalentoshop.it\/it\/la-nostra-storia\/\" \/>\n<meta property=\"og:site_name\" content=\"Birra Salento Shop\" \/>\n<meta property=\"article:modified_time\" content=\"2021-07-09T16:50:12+00:00\" \/>\n<meta name=\"twitter:card\" content=\"summary_large_image\" \/>\n<meta name=\"twitter:label1\" content=\"Tempo di lettura stimato\" \/>\n\t<meta name=\"twitter:data1\" content=\"4 minuti\" \/>\n<script type=\"application\/ld+json\" class=\"yoast-schema-graph\">{\"@context\":\"https:\/\/schema.org\",\"@graph\":[{\"@type\":\"WebPage\",\"@id\":\"https:\/\/www.birrasalentoshop.it\/it\/la-nostra-storia\/\",\"url\":\"https:\/\/www.birrasalentoshop.it\/it\/la-nostra-storia\/\",\"name\":\"la nostra storia - Birra Salento Shop\",\"isPartOf\":{\"@id\":\"https:\/\/www.birrasalentoshop.it\/it\/#website\"},\"datePublished\":\"2021-06-23T16:58:42+00:00\",\"dateModified\":\"2021-07-09T16:50:12+00:00\",\"breadcrumb\":{\"@id\":\"https:\/\/www.birrasalentoshop.it\/it\/la-nostra-storia\/#breadcrumb\"},\"inLanguage\":\"it-IT\",\"potentialAction\":[{\"@type\":\"ReadAction\",\"target\":[\"https:\/\/www.birrasalentoshop.it\/it\/la-nostra-storia\/\"]}]},{\"@type\":\"BreadcrumbList\",\"@id\":\"https:\/\/www.birrasalentoshop.it\/it\/la-nostra-storia\/#breadcrumb\",\"itemListElement\":[{\"@type\":\"ListItem\",\"position\":1,\"name\":\"Home\",\"item\":\"https:\/\/www.birrasalentoshop.it\/it\/\"},{\"@type\":\"ListItem\",\"position\":2,\"name\":\"la nostra storia\"}]},{\"@type\":\"WebSite\",\"@id\":\"https:\/\/www.birrasalentoshop.it\/it\/#website\",\"url\":\"https:\/\/www.birrasalentoshop.it\/it\/\",\"name\":\"Birra Salento Shop\",\"description\":\"Un nuovo sito targato WordPress\",\"potentialAction\":[{\"@type\":\"SearchAction\",\"target\":{\"@type\":\"EntryPoint\",\"urlTemplate\":\"https:\/\/www.birrasalentoshop.it\/it\/?s={search_term_string}\"},\"query-input\":{\"@type\":\"PropertyValueSpecification\",\"valueRequired\":true,\"valueName\":\"search_term_string\"}}],\"inLanguage\":\"it-IT\"}]}<\/script>\n<!-- \/ Yoast SEO plugin. -->","yoast_head_json":{"title":"la nostra storia - Birra Salento Shop","robots":{"index":"index","follow":"follow","max-snippet":"max-snippet:-1","max-image-preview":"max-image-preview:large","max-video-preview":"max-video-preview:-1"},"canonical":"https:\/\/www.birrasalentoshop.it\/it\/la-nostra-storia\/","og_locale":"it_IT","og_type":"article","og_title":"la nostra storia - Birra Salento Shop","og_description":"[vc_row][vc_column][vc_empty_space][\/vc_column][\/vc_row][vc_row][vc_column][vc_column_text el_class=&#8221;text-center m-t-3 title_principal&#8221;] Passione ed esperienza dal 1963 [\/vc_column_text][\/vc_column][\/vc_row][vc_row][vc_column][vc_raw_html]JTNDZGl2JTIwY2xhc3MlM0QlMjJudW1iZXIlMjIlM0UlM0NzcGFuJTIwY2xhc3MlM0QlMjJkYXRhJTIyJTNFMTk2MyUzQyUyRnNwYW4lM0UlM0MlMkZkaXYlM0U=[\/vc_raw_html][vc_row_inner equal_height=&#8221;yes&#8221; content_placement=&#8221;middle&#8221;][vc_column_inner width=&#8221;1\/2&#8243;][vc_column_text]Era il 1963 quando Fernando Zecca, padre di Maurizio oggi alla guida della crew Birrasalento, scriveva da Fribourg, in Svizzera, ai familiari e agli amici lasciati nel Salento. Lavorava in un birrificio, sognava di tornare da moglie e figli, a Leverano. &#8220;Io lavoro [&hellip;]","og_url":"https:\/\/www.birrasalentoshop.it\/it\/la-nostra-storia\/","og_site_name":"Birra Salento Shop","article_modified_time":"2021-07-09T16:50:12+00:00","twitter_card":"summary_large_image","twitter_misc":{"Tempo di lettura stimato":"4 minuti"},"schema":{"@context":"https:\/\/schema.org","@graph":[{"@type":"WebPage","@id":"https:\/\/www.birrasalentoshop.it\/it\/la-nostra-storia\/","url":"https:\/\/www.birrasalentoshop.it\/it\/la-nostra-storia\/","name":"la nostra storia - Birra Salento Shop","isPartOf":{"@id":"https:\/\/www.birrasalentoshop.it\/it\/#website"},"datePublished":"2021-06-23T16:58:42+00:00","dateModified":"2021-07-09T16:50:12+00:00","breadcrumb":{"@id":"https:\/\/www.birrasalentoshop.it\/it\/la-nostra-storia\/#breadcrumb"},"inLanguage":"it-IT","potentialAction":[{"@type":"ReadAction","target":["https:\/\/www.birrasalentoshop.it\/it\/la-nostra-storia\/"]}]},{"@type":"BreadcrumbList","@id":"https:\/\/www.birrasalentoshop.it\/it\/la-nostra-storia\/#breadcrumb","itemListElement":[{"@type":"ListItem","position":1,"name":"Home","item":"https:\/\/www.birrasalentoshop.it\/it\/"},{"@type":"ListItem","position":2,"name":"la nostra storia"}]},{"@type":"WebSite","@id":"https:\/\/www.birrasalentoshop.it\/it\/#website","url":"https:\/\/www.birrasalentoshop.it\/it\/","name":"Birra Salento Shop","description":"Un nuovo sito targato WordPress","potentialAction":[{"@type":"SearchAction","target":{"@type":"EntryPoint","urlTemplate":"https:\/\/www.birrasalentoshop.it\/it\/?s={search_term_string}"},"query-input":{"@type":"PropertyValueSpecification","valueRequired":true,"valueName":"search_term_string"}}],"inLanguage":"it-IT"}]}},"_links":{"self":[{"href":"https:\/\/www.birrasalentoshop.it\/it\/wp-json\/wp\/v2\/pages\/535","targetHints":{"allow":["GET"]}}],"collection":[{"href":"https:\/\/www.birrasalentoshop.it\/it\/wp-json\/wp\/v2\/pages"}],"about":[{"href":"https:\/\/www.birrasalentoshop.it\/it\/wp-json\/wp\/v2\/types\/page"}],"author":[{"embeddable":true,"href":"https:\/\/www.birrasalentoshop.it\/it\/wp-json\/wp\/v2\/users\/5"}],"replies":[{"embeddable":true,"href":"https:\/\/www.birrasalentoshop.it\/it\/wp-json\/wp\/v2\/comments?post=535"}],"version-history":[{"count":20,"href":"https:\/\/www.birrasalentoshop.it\/it\/wp-json\/wp\/v2\/pages\/535\/revisions"}],"predecessor-version":[{"id":749,"href":"https:\/\/www.birrasalentoshop.it\/it\/wp-json\/wp\/v2\/pages\/535\/revisions\/749"}],"wp:attachment":[{"href":"https:\/\/www.birrasalentoshop.it\/it\/wp-json\/wp\/v2\/media?parent=535"}],"curies":[{"name":"wp","href":"https:\/\/api.w.org\/{rel}","templated":true}]}}