{"id":1014,"date":"2021-10-22T10:26:39","date_gmt":"2021-10-22T08:26:39","guid":{"rendered":"http:\/\/www.birrasalentoshop.it\/?page_id=1014"},"modified":"2025-07-16T19:17:02","modified_gmt":"2025-07-16T17:17:02","slug":"condizioni-generali-di-vendita","status":"publish","type":"page","link":"https:\/\/www.birrasalentoshop.it\/it\/condizioni-generali-di-vendita\/","title":{"rendered":"Condizioni generali di vendita"},"content":{"rendered":"<p>[vc_row][vc_column][vc_column_text]<\/p>\n<h1 class=\"title_principal\">CONDIZIONI DI VENDITA CONTRATTO DI VENDITA A DISTANZA<\/h1>\n<p>(redatto ai sensi del decreto legislativo 21 febbraio 2014, n. 21)<\/p>\n<p>Premessa<\/p>\n<p>Il presente contratto \u00e8 stipulato tra Birra Salento \u2013 Via Ancona, 2 Leverano (LE) &#8211; Italia (nel seguito: \u201cBirra Salento\u201d), telefono 0832 925196, email info@birrasalento.it e il consumatore finale (nel seguito: \u201cCliente\u201d) ed \u00e8 configurabile come contratto a distanza. \u00c8 disciplinato dal decreto legislativo 21 febbraio 2014, n. 21, in attuazione della direttiva 2011\/83\/UE sui diritti dei consumatori ed ha per oggetto la compravendita di beni mobili (vino, prodotti alimentari e omaggistica).<\/p>\n<p>Con questo contratto Birra Salento trasferisce o si impegna a trasferire la propriet\u00e0 di detti beni al Cliente e quest\u2019ultimo ne paga o si impegna a pagarne il prezzo.<\/p>\n<p>L\u2019acquisto dei beni pu\u00f2 avvenire attraverso le seguenti modalit\u00e0:<\/p>\n<p>sito Internet www.birrasalentoshop.it<\/p>\n<p>mail (info@birrasalento.it)<\/p>\n<p>ordine telefonico<\/p>\n<p>compilazione di modulo d\u2019ordine cartaceo<\/p>\n<p>televendita.<\/p>\n<p>I beni acquistabili sono presentati sul sito Internet, su cataloghi cartacei o elettronici, via e-mail, via posta cartacea, telefonicamente, via canale televisivo. Si precisa che Birra Salento intende servire esclusivamente il consumatore finale, al quale sono destinati tutti i prodotti in vendita.<\/p>\n<p>I soggetti con Partita IVA che intendono ricevere fattura dovranno farne richiesta, indicando i riferimenti, al momento dell\u2019ordine.<\/p>\n<p>Come ordinare \u2013 contratto di vendita<\/p>\n<p>Sito Internet www.birrasalentoshop.it<\/p>\n<p>Il Cliente deve compilare il buono d\u2019ordine (form) che compare a video e che rappresenta il proprio carrello, il cui contenuto pu\u00f2 essere modificato dal Cliente discrezionalmente. \u00c8 possibile correggere errori accedendo al carrello, prima della fase finale che conclude l\u2019ordine. Dopo aver selezionato i prodotti, il Cliente visualizzer\u00e0 il contenuto del carrello e il relativo importo da pagare, con possibilit\u00e0 di aggiornarlo e\/o modificarlo.<\/p>\n<p>Poi, il Cliente proseguir\u00e0, cliccando su apposito tasto, per passare alla compilazione di un modulo con le informazioni necessarie per la fatturazione (se richiesta dal cliente), il pagamento e la consegna. Infine, sar\u00e0 riproposto il carrello e il relativo importo da pagare. Il contratto di vendita s\u2019intender\u00e0 perfezionato soltanto quando il Cliente avr\u00e0 accettato le condizioni di vendita previste dal contratto cliccando sul tasto \u201cOrdino e pago\u201d. Qualora il Cliente non accetti le condizioni di vendita e\/o non proceda alla conferma di accettazione del contratto tramite selezione del tasto \u201cOrdino e pago\u201d, il contratto di vendita non si intende perfezionato e il Cliente non potr\u00e0 ricevere l\u2019ordine eseguito. In tale caso, Birra Salento non invier\u00e0 i prodotti presenti nel carrello n\u00e9 addebiter\u00e0 al Cliente l\u2019importo risultante dal riepilogo del proprio carrello. Il Cliente ricever\u00e0, comunque, da Birra Salento un\u2019e-mail di conferma di presa in carico dell\u2019ordine, inviata all\u2019indirizzo di posta elettronica comunicato dal Cliente in fase di composizione dell\u2019ordine.<\/p>\n<p>Ordine telefonico o televendita<\/p>\n<p>Il Cliente potr\u00e0 ordinare telefonicamente ai numeri indicati per ciascuna promozione, attivi per qualsiasi ordine di prodotti presenti sui cataloghi cartacei o elettronici, validi alla data della chiamata. Il Cliente sceglier\u00e0 i prodotti nella loro natura e quantit\u00e0 e, prima di procedere alla definizione dell\u2019ordine complessivo definitivo, l\u2019operatore riepilogher\u00e0 al Cliente la composizione dell\u2019ordine. Per perfezionare il contratto, attraverso il proprio operatore telefonico, Birra Salento confermer\u00e0 l&#8217;offerta al Cliente, il quale \u00e8 vincolato solo dopo aver firmato l&#8217;offerta o dopo averla accettata per iscritto. Il Cliente potr\u00e0 ricevere conferma via e-mail o su altro supporto, anche cartaceo, che possa essere consultato in qualsiasi momento dal Cliente. Soltanto se il Cliente sottoscrive il contratto, con firma digitale o firma autografa (se su supporto cartaceo) sar\u00e0 vincolato al pagamento e Birra Salento potr\u00e0 inviargli la merce ordinata. In caso contrario, il contratto non avr\u00e0 effetto. Soltanto dopo la sottoscrizione del contratto, Birra Salento consegner\u00e0 al Cliente i prodotti ordinati e potr\u00e0 pretendere il pagamento del prezzo. Birra Salento fornir\u00e0, dunque, al Cliente la conferma del contratto concluso su un mezzo durevole, entro un termine ragionevole dopo la conclusione del contratto a distanza e al pi\u00f9 tardi al momento della consegna dei beni.<\/p>\n<p>Modulo d\u2019ordine cartaceo<\/p>\n<p>Il Cliente potr\u00e0 ordinare compilando il modulo cartaceo presente nei vari strumenti di comunicazione commerciale di Birra Salento (es.: IP su riviste, moduli all\u2019interno di pubblicit\u00e0 Birra Salento, catalogo Birra Salento). Oltre ai dati identificativi del Cliente e dell\u2019eventuale persona cui \u00e8 delegato il ritiro, dovr\u00e0 indicare l\u2019elenco descrittivo e\/o i codici di identificazione dei prodotti che intende acquistare, lo strumento di pagamento fra quelli accettati per l\u2019acquisto e altri elementi amministrativi utili per la fatturazione e la consegna. Il contratto di vendita s\u2019intender\u00e0 perfezionato attraverso l\u2019apposizione, sul modulo d\u2019ordine, della firma del Cliente, sotto il testo del contratto stesso. Soltanto se il Cliente ha apposto la propria firma, il contratto potr\u00e0 intendersi validamente concluso e Birra Salento ne dar\u00e0 esecuzione attraverso la consegna dei prodotti ordinati e avr\u00e0 diritto al pagamento degli stessi.<\/p>\n<p>Si precisa che nel caso di vino, grappa o liquore, per esigenze d\u2019imballo, \u00e8 necessario che il numero complessivo delle bottiglie richieste sia 6 (sei) o un multiplo di 6 (6, 12, 18&#8230;), a prescindere dalla quantit\u00e0 di ciascun prodotto ordinato.<\/p>\n<p>In caso di prodotti alimentari, olio e aceto, per esigenze di imballo \u00e8 indispensabile acquistare almeno 3 (tre) diversi prodotti, a prescindere dalla quantit\u00e0 di ciascuno.<\/p>\n<p>Descrizione dei prodotti, caratteristiche e prezzi<\/p>\n<p>Le caratteristiche, la descrizione dei prodotti in vendita sono indicati sui cataloghi cartacei e elettronici (on-line) a fianco del singolo prodotto o, nel caso del sito Internet, anche attraverso apposito link.<\/p>\n<p>Nel caso di prodotti il cui acquisto sia sollecitato da telefonate di Birra Salento o tramite televendita, la loro descrizione, le caratteristiche e i prezzi sono dettagliati dall\u2019operatore telefonico. Nel caso di televendite sono, altres\u00ec, presentati dal promoter televisivo.<\/p>\n<p>I prezzi dei beni sono presentati su materiale promozionale cartaceo e sul sito, comprensivi di Iva e di ogni altra eventuale imposta. La durata delle promozioni e delle offerte \u00e8 segnalata in corrispondenza del prodotto o dell\u2019offerta cui \u00e8 riferita, cos\u00ec come i prezzi applicati.<\/p>\n<p>Qualsiasi spesa accessoria, laddove prevista, \u00e8 segnalata in corrispondenza del prodotto cui \u00e8 applicata.<\/p>\n<p>La sostituzione di un articolo esaurito all&#8217;interno di una confezione verr\u00e0 effettuata con un articolo alternativo dello stesso valore; nel caso di esaurimento di un&#8217;intera confezione Birra Salento provveder\u00e0 a contattare il Cliente.<\/p>\n<p>Spese di spedizione<\/p>\n<p>\u00c8 richiesto un contributo fisso di spedizione per ogni ordine consegnato sul territorio italiano allo stesso destinatario, indipendentemente dal numero di prodotti consegnati in un\u2019unica soluzione. Per ordini tramite sito Internet, l\u2019importo \u00e8 sempre indicato e visibile al momento del processo di acquisto.<\/p>\n<p>Per ordini telefonici o televendite, l\u2019importo del contributo per le spese di consegna \u00e8 ripetuto telefonicamente o nel corso della televendita. Per ordini postali, tale importo \u00e8 indicato sul materiale di proposta di acquisto. Per pacchi voluminosi o per particolare valore della merce trasportata potrebbe essere richiesto il pagamento di un contributo di imballo, il cui importo \u00e8 variabile dal prodotto da consegnare e, in ogni caso, \u00e8 trasparentemente indicato nella documentazione \u2013 cartacea o elettronica \u2013 che permette di perfezionare l\u2019ordine.<\/p>\n<p>Strumenti di pagamento accettati<\/p>\n<p>Sono accettati: (i) carta di credito Visa, Mastercard, American Express; (ii) contrassegno (iii) PayPal (iv) Sofort oppure, previa autorizzazione di Birra Salento, attraverso bollettino di conto corrente postale entro 30 (trenta) giorni dalla consegna.<\/p>\n<p>Si precisa che Birra Salento non imporr\u00e0 ai Clienti, in relazione alle carte di pagamento suddette, spese per l&#8217;uso delle stesse, ovvero nei casi espressamente stabiliti, tariffe che superino quelle sostenute da Birra Salento stessa. L&#8217;istituto di emissione della carta di pagamento riaccredita al Cliente i pagamenti in caso di addebitamento eccedente rispetto al prezzo pattuito ovvero in caso di uso fraudolento della propria carta di pagamento da parte di Birra Salento o di un terzo. L&#8217;istituto di emissione della carta di pagamento ha diritto di addebitare a Birra Salento le somme riaccreditate al Cliente.<\/p>\n<p>Termini di consegna e responsabilit\u00e0<\/p>\n<p>Birra Salento, in ottemperanza all\u2019art. 61, d. lgs 21\/2014, si impegna a consegnare la merce ordinata entro 72 (settantadue) ore per gli ordini di importo fino a 200 Euro conclusi con pagamento elettronico (Carta di credito, Paypal, Sofort) o contrassegno. Ordini di importi superiori prevedono una fase di approvazione da parte dell&#8217;azienda e pertanto non possono garantire i tempi di consegna di 72 ore. Non sono inclusi nel calcolo delle 72h i sabati e le domeniche e\/o altri giorni festivi (a titolo di esempio un ordine effettuato il venerd\u00ec o il giorno precedente ad un giorno festivo sar\u00e0 evaso nel primo giorno lavorativo utile). La consegna s\u2019intende eseguita quando la merce ordinata entra in possesso del Cliente o della persona che questi ha delegato al ritiro. Nel caso detti termini non possano essere rispettati (es.: prodotti non presenti in magazzino), Birra Salento s\u2019impegna ad avvisare il Cliente attraverso la modalit\u00e0 che consenta la maggiore tempestivit\u00e0 per avvertirlo e segnalare quando le merci potranno essere consegnate. In tale caso, l\u2019addebito del prezzo al Cliente avverr\u00e0 soltanto all\u2019atto dell\u2019effettiva consegna dei prodotti ordinati.<\/p>\n<p>Sebbene l\u2019art. 63, d. lgs 21\/2014 stabilisca che se i prodotti subiscono perdita o danneggiamento, per causa non imputabile a Birra Salento, il rischio che ne consegue si trasferisce al Cliente soltanto nel momento in cui quest&#8217;ultimo, o un terzo da lui designato e diverso dal vettore, entra materialmente in possesso dei beni, Birra Salento garantisce la sostituzione dei prodotti danneggiati senza alcun onere a carico del Cliente, dandone notizia al Servizio Clienti Birra Salento, Via Birra Salento.<\/p>\n<p>Spese telefoniche<\/p>\n<p>Se Birra Salento \u00e8 contattato telefonicamente per avere informazioni sul suo ordine, il Cliente non \u00e8 tenuto a pagare pi\u00f9 della tariffa di base, fermo restando il diritto dei fornitori dei servizi di comunicazione elettronica di applicare una tariffa per dette telefonate.<\/p>\n<p>Forniture non richieste<\/p>\n<p>Salvo consenso del Cliente, da esprimersi prima o al momento della conclusione del contratto, Birra Salento non eseguir\u00e0 alcuna fornitura diversa da quella pattuita, anche se di valore e qualit\u00e0 equivalenti o superiori.<\/p>\n<p>Qualora il Cliente riceva una fornitura non richiesta, ne dovr\u00e0 dare notizia al Servizio Clienti Birra Salento, Via Ancona, 2 Leverano (LE) &#8211; Italia, affinch\u00e9 Birra Salento provveda al ritiro di detta fornitura e rimborsi il Cliente dell\u2019eventuale somma gi\u00e0 corrisposta.<\/p>\n<p>Diritto di recesso<\/p>\n<p>Sebbene l\u2019art. 52, d. lgs 21\/2014 permetta al Cliente di esercitare il diritto di recesso (cio\u00e8 il diritto di restituire la merce, per qualsivoglia motivazione e senza addurre giustificazioni e senza alcun onere a suo carico) dopo n. 14 (quattordici) giorni dalla consegna dei beni, Birra Salento concede al Cliente il pi\u00f9 ampio termine di n. 30 (trenta) giorni dalla consegna dei beni. Pertanto, il Cliente potr\u00e0 esercitare il diritto di recesso entro n. 30 (trenta) giorni dall\u2019entrata in possesso dei beni ordinati, senza alcun onere a suo carico, semplicemente dandone notizia a Birra Salento. Il diritto di recesso pu\u00f2 essere esercitato nei seguenti modi:<\/p>\n<p>presentare una qualsiasi dichiarazione esplicita della sua decisione di recedere dal contratto, via e-mail (info@birrasalento.it); via posta ordinaria (Birra Salento \u2013 Servizio Clienti Birra Salento \u2013 Via Ancona, 2 Leverano (LE) &#8211; Italia);<\/p>\n<p>utilizzare il modulo tipo di diritto di recesso, scaricabile all\u2019indirizzo www.birrasalentoshop.it\/recesso (non obbligatorio)<\/p>\n<p>A fronte del ricevimento della richiesta di recesso, Birra Salento provveder\u00e0 a ritirare la merce presso il Cliente, senza nulla addebitare al Cliente.<\/p>\n<p>Per segnalare eventuali anomalie o disguidi o disservizi o ricevere assistenza su prodotti non conformi all\u2019ordine, il Cliente pu\u00f2 contattare il Servizio Clienti Birra Salento ai recapiti di cui al punto n. 1 del presente paragrafo.<\/p>\n<p>Nel caso di recesso, decadono gli obblighi da parte di Birra Salento e del Cliente. In particolare, Birra Salento rimborser\u00e0 il Cliente delle spese dei prodotti ordinati, incluse le spese di consegna, entro n. 14 (quattordici) giorni dal momento in cui \u00e8 stato informato dal Cliente di voler esercitare il diritto di recesso. Birra Salento rimborser\u00e0 il Cliente con lo stesso strumento utilizzato dal Cliente per pagare l\u2019ordine, fatto salvo quanto altrimenti concordato tra le parti.<\/p>\n<p>Garanzia legale<\/p>\n<p>Oggetti e accessori che possono accompagnare le offerte sono garantiti per n. 2 (due) anni per qualsiasi difetto di fabbricazione o funzionamento. Sono esclusi da garanzia i danni dovuti all&#8217;usura, a un uso improprio o a un&#8217;errata manutenzione.<\/p>\n<p>La garanzia legale di conformit\u00e0 tutela il Cliente in caso acquisto di prodotti difettosi, che funzionano male o non rispondono all\u2019uso dichiarato da Birra Salento o dal produttore del bene o al quale quel bene \u00e8 generalmente destinato. Il Cliente pu\u00f2 far valere i propri diritti in materia di garanzia legale di conformit\u00e0 rivolgendosi direttamente al produttore del bene, anche se diverso da Birra Salento. In presenza di un vizio di conformit\u00e0, il Cliente ha diritto, a sua scelta, alla riparazione o sostituzione del bene difettoso, senza addebito di spese, salvo che il rimedio richiesto sia impossibile o eccessivamente oneroso rispetto all\u2019altro. Se sostituzione o riparazione non sono possibili, il Cliente ha comunque diritto alla riduzione del prezzo o ad avere indietro una somma, commisurata al valore del bene, a fronte della restituzione a Birra Salento del prodotto difettoso. La garanzia legale dura n. 2 (due) anni dalla consegna del bene e deve essere fatta valere dal Cliente entro n. 2 (due) mesi dalla scoperta del difetto.<\/p>\n<p>Codici di Condotta<\/p>\n<p>Birra Salento ha ottenuto il \u201cSigillo NetComm\u201d (per informazioni www.consorzionetcomm.it), certificazione ISO 9001 e i propri siti Internet adottano il sistema di sicurezza Verisign (per informazioni www.verisign.it)<\/p>\n<p>Foro Competente<\/p>\n<p>Per qualsiasi controversia civile fra Birra Salento e il Cliente dipendente dall\u2019interpretazione normativa e dalle condizioni qui presentate, la competenza territoriale inderogabile \u00e8 del Giudice del luogo di residenza o di domicilio del Cliente, se ubicati nel territorio dello Stato.[\/vc_column_text][vc_empty_space][vc_column_text]<a class=\"link_assistenza\" href=\"\/wp-content\/uploads\/2021\/10\/Informativa_sulla_privacy.pdf\" target=\"_blank\" rel=\"noopener\">Modulo informativa Privacy Birra Salento<\/a>[\/vc_column_text][vc_column_text]<strong>Divieto di vendita di bevande alcoliche ai minori di anni 18, previsto dall\u2019art. 7 del DL 158\/2012<\/strong>[\/vc_column_text][\/vc_column][\/vc_row][vc_row][vc_column][vc_empty_space height=&#8221;52px&#8221;][\/vc_column][\/vc_row]<\/p>\n","protected":false},"excerpt":{"rendered":"<p>[vc_row][vc_column][vc_column_text] CONDIZIONI DI VENDITA CONTRATTO DI VENDITA A DISTANZA (redatto ai sensi del decreto legislativo 21 febbraio 2014, n. 21) Premessa Il presente contratto \u00e8 stipulato tra Birra Salento \u2013 Via Ancona, 2 Leverano (LE) &#8211; Italia (nel seguito: \u201cBirra Salento\u201d), telefono 0832 925196, email info@birrasalento.it e il consumatore finale (nel seguito: \u201cCliente\u201d) ed \u00e8 [&hellip;]<\/p>\n","protected":false},"author":5,"featured_media":0,"parent":0,"menu_order":0,"comment_status":"closed","ping_status":"closed","template":"fullwidth.php","meta":{"inline_featured_image":false,"footnotes":""},"class_list":["post-1014","page","type-page","status-publish","hentry"],"yoast_head":"<!-- This site is optimized with the Yoast SEO plugin v23.7 - https:\/\/yoast.com\/wordpress\/plugins\/seo\/ -->\n<title>Condizioni generali di vendita - Birra Salento Shop<\/title>\n<meta name=\"robots\" content=\"index, follow, max-snippet:-1, max-image-preview:large, max-video-preview:-1\" \/>\n<link rel=\"canonical\" href=\"https:\/\/www.birrasalentoshop.it\/it\/condizioni-generali-di-vendita\/\" \/>\n<meta property=\"og:locale\" content=\"it_IT\" \/>\n<meta property=\"og:type\" content=\"article\" \/>\n<meta property=\"og:title\" content=\"Condizioni generali di vendita - Birra Salento Shop\" \/>\n<meta property=\"og:description\" content=\"[vc_row][vc_column][vc_column_text] CONDIZIONI DI VENDITA CONTRATTO DI VENDITA A DISTANZA (redatto ai sensi del decreto legislativo 21 febbraio 2014, n. 21) Premessa Il presente contratto \u00e8 stipulato tra Birra Salento \u2013 Via Ancona, 2 Leverano (LE) &#8211; Italia (nel seguito: \u201cBirra Salento\u201d), telefono 0832 925196, email info@birrasalento.it e il consumatore finale (nel seguito: \u201cCliente\u201d) ed \u00e8 [&hellip;]\" \/>\n<meta property=\"og:url\" content=\"https:\/\/www.birrasalentoshop.it\/it\/condizioni-generali-di-vendita\/\" \/>\n<meta property=\"og:site_name\" content=\"Birra Salento Shop\" \/>\n<meta property=\"article:modified_time\" content=\"2025-07-16T17:17:02+00:00\" \/>\n<meta name=\"twitter:card\" content=\"summary_large_image\" \/>\n<meta name=\"twitter:label1\" content=\"Tempo di lettura stimato\" \/>\n\t<meta name=\"twitter:data1\" content=\"11 minuti\" \/>\n<script type=\"application\/ld+json\" class=\"yoast-schema-graph\">{\"@context\":\"https:\/\/schema.org\",\"@graph\":[{\"@type\":\"WebPage\",\"@id\":\"https:\/\/www.birrasalentoshop.it\/it\/condizioni-generali-di-vendita\/\",\"url\":\"https:\/\/www.birrasalentoshop.it\/it\/condizioni-generali-di-vendita\/\",\"name\":\"Condizioni generali di vendita - Birra Salento Shop\",\"isPartOf\":{\"@id\":\"https:\/\/www.birrasalentoshop.it\/it\/#website\"},\"datePublished\":\"2021-10-22T08:26:39+00:00\",\"dateModified\":\"2025-07-16T17:17:02+00:00\",\"breadcrumb\":{\"@id\":\"https:\/\/www.birrasalentoshop.it\/it\/condizioni-generali-di-vendita\/#breadcrumb\"},\"inLanguage\":\"it-IT\",\"potentialAction\":[{\"@type\":\"ReadAction\",\"target\":[\"https:\/\/www.birrasalentoshop.it\/it\/condizioni-generali-di-vendita\/\"]}]},{\"@type\":\"BreadcrumbList\",\"@id\":\"https:\/\/www.birrasalentoshop.it\/it\/condizioni-generali-di-vendita\/#breadcrumb\",\"itemListElement\":[{\"@type\":\"ListItem\",\"position\":1,\"name\":\"Home\",\"item\":\"https:\/\/www.birrasalentoshop.it\/it\/\"},{\"@type\":\"ListItem\",\"position\":2,\"name\":\"Condizioni generali di vendita\"}]},{\"@type\":\"WebSite\",\"@id\":\"https:\/\/www.birrasalentoshop.it\/it\/#website\",\"url\":\"https:\/\/www.birrasalentoshop.it\/it\/\",\"name\":\"Birra Salento Shop\",\"description\":\"Un nuovo sito targato WordPress\",\"potentialAction\":[{\"@type\":\"SearchAction\",\"target\":{\"@type\":\"EntryPoint\",\"urlTemplate\":\"https:\/\/www.birrasalentoshop.it\/it\/?s={search_term_string}\"},\"query-input\":{\"@type\":\"PropertyValueSpecification\",\"valueRequired\":true,\"valueName\":\"search_term_string\"}}],\"inLanguage\":\"it-IT\"}]}<\/script>\n<!-- \/ Yoast SEO plugin. -->","yoast_head_json":{"title":"Condizioni generali di vendita - Birra Salento Shop","robots":{"index":"index","follow":"follow","max-snippet":"max-snippet:-1","max-image-preview":"max-image-preview:large","max-video-preview":"max-video-preview:-1"},"canonical":"https:\/\/www.birrasalentoshop.it\/it\/condizioni-generali-di-vendita\/","og_locale":"it_IT","og_type":"article","og_title":"Condizioni generali di vendita - Birra Salento Shop","og_description":"[vc_row][vc_column][vc_column_text] CONDIZIONI DI VENDITA CONTRATTO DI VENDITA A DISTANZA (redatto ai sensi del decreto legislativo 21 febbraio 2014, n. 21) Premessa Il presente contratto \u00e8 stipulato tra Birra Salento \u2013 Via Ancona, 2 Leverano (LE) &#8211; Italia (nel seguito: \u201cBirra Salento\u201d), telefono 0832 925196, email info@birrasalento.it e il consumatore finale (nel seguito: \u201cCliente\u201d) ed \u00e8 [&hellip;]","og_url":"https:\/\/www.birrasalentoshop.it\/it\/condizioni-generali-di-vendita\/","og_site_name":"Birra Salento Shop","article_modified_time":"2025-07-16T17:17:02+00:00","twitter_card":"summary_large_image","twitter_misc":{"Tempo di lettura stimato":"11 minuti"},"schema":{"@context":"https:\/\/schema.org","@graph":[{"@type":"WebPage","@id":"https:\/\/www.birrasalentoshop.it\/it\/condizioni-generali-di-vendita\/","url":"https:\/\/www.birrasalentoshop.it\/it\/condizioni-generali-di-vendita\/","name":"Condizioni generali di vendita - Birra Salento Shop","isPartOf":{"@id":"https:\/\/www.birrasalentoshop.it\/it\/#website"},"datePublished":"2021-10-22T08:26:39+00:00","dateModified":"2025-07-16T17:17:02+00:00","breadcrumb":{"@id":"https:\/\/www.birrasalentoshop.it\/it\/condizioni-generali-di-vendita\/#breadcrumb"},"inLanguage":"it-IT","potentialAction":[{"@type":"ReadAction","target":["https:\/\/www.birrasalentoshop.it\/it\/condizioni-generali-di-vendita\/"]}]},{"@type":"BreadcrumbList","@id":"https:\/\/www.birrasalentoshop.it\/it\/condizioni-generali-di-vendita\/#breadcrumb","itemListElement":[{"@type":"ListItem","position":1,"name":"Home","item":"https:\/\/www.birrasalentoshop.it\/it\/"},{"@type":"ListItem","position":2,"name":"Condizioni generali di vendita"}]},{"@type":"WebSite","@id":"https:\/\/www.birrasalentoshop.it\/it\/#website","url":"https:\/\/www.birrasalentoshop.it\/it\/","name":"Birra Salento Shop","description":"Un nuovo sito targato WordPress","potentialAction":[{"@type":"SearchAction","target":{"@type":"EntryPoint","urlTemplate":"https:\/\/www.birrasalentoshop.it\/it\/?s={search_term_string}"},"query-input":{"@type":"PropertyValueSpecification","valueRequired":true,"valueName":"search_term_string"}}],"inLanguage":"it-IT"}]}},"_links":{"self":[{"href":"https:\/\/www.birrasalentoshop.it\/it\/wp-json\/wp\/v2\/pages\/1014","targetHints":{"allow":["GET"]}}],"collection":[{"href":"https:\/\/www.birrasalentoshop.it\/it\/wp-json\/wp\/v2\/pages"}],"about":[{"href":"https:\/\/www.birrasalentoshop.it\/it\/wp-json\/wp\/v2\/types\/page"}],"author":[{"embeddable":true,"href":"https:\/\/www.birrasalentoshop.it\/it\/wp-json\/wp\/v2\/users\/5"}],"replies":[{"embeddable":true,"href":"https:\/\/www.birrasalentoshop.it\/it\/wp-json\/wp\/v2\/comments?post=1014"}],"version-history":[{"count":9,"href":"https:\/\/www.birrasalentoshop.it\/it\/wp-json\/wp\/v2\/pages\/1014\/revisions"}],"predecessor-version":[{"id":1025,"href":"https:\/\/www.birrasalentoshop.it\/it\/wp-json\/wp\/v2\/pages\/1014\/revisions\/1025"}],"wp:attachment":[{"href":"https:\/\/www.birrasalentoshop.it\/it\/wp-json\/wp\/v2\/media?parent=1014"}],"curies":[{"name":"wp","href":"https:\/\/api.w.org\/{rel}","templated":true}]}}